{"id":2,"date":"2025-12-20T18:17:40","date_gmt":"2025-12-20T11:17:40","guid":{"rendered":"https:\/\/www.demo.vietnamweb.asia\/?page_id=2"},"modified":"2025-12-20T18:17:28","modified_gmt":"2025-12-20T11:17:28","slug":"trang-chu","status":"publish","type":"page","link":"https:\/\/6t6t2t3.org\/","title":{"rendered":"6t6t2t3 com &#8211; \u0110\u1ea1i Ti\u1ec7c Gi\u00e1ng Sinh M\u1ed7i Ng\u00e0y N\u1ea1p Ti\u1ec1n Nh\u1eadn 12%"},"content":{"rendered":"<h2><span style=\"font-size: 110%; color: #f99b1c;\"><strong>TRANG CH\u1ee6 \u0110\u0102NG NH\u1eacP NH\u00c0 C\u00c1I 6623<\/strong><\/span><\/h2>\n<p>Link trang t\u1ed5ng v\u00e0o 6t6t2t3 com ch\u00ednh th\u1ee9c c\u1eadp nh\u1eadt ng\u00e0y h\u00f4m nay m\u1edbi nh\u1ea5t:<\/p>\n<div class=\"row row-small\"  id=\"row-244203551\">\n\n\t<div id=\"col-1128319887\" class=\"col medium-4 small-12 large-4\"  >\n\t\t\t\t<div class=\"col-inner\"  >\n\t\t\t\n\t\t\t\n\t<div class=\"img has-hover x md-x lg-x y md-y lg-y\" id=\"image_1997618644\">\n\t\t<a class=\"\" href=\"https:\/\/qcte88.pro\/hwcf\" >\t\t\t\t\t\t<div class=\"img-inner dark\" >\n\t\t\t<img loading=\"lazy\" decoding=\"async\" width=\"400\" height=\"188\" src=\"https:\/\/6t6t2t3.org\/wp-content\/uploads\/2025\/03\/dang-ky.webp\" class=\"attachment-original size-original\" alt=\"\u0110\u0103ng k\u00fd nh\u00e0 c\u00e1i\" srcset=\"https:\/\/6t6t2t3.org\/wp-content\/uploads\/2025\/03\/dang-ky.webp 400w, https:\/\/6t6t2t3.org\/wp-content\/uploads\/2025\/03\/dang-ky-300x141.webp 300w\" sizes=\"auto, (max-width: 400px) 100vw, 400px\" \/>\t\t\t\t\t\t\n\t\t\t\t\t<\/div>\n\t\t\t\t\t\t<\/a>\t\t\n<style>\n#image_1997618644 {\n  width: 100%;\n}\n<\/style>\n\t<\/div>\n\t\n\t\t<\/div>\n\t\t\t\t\t<\/div>\n\n\t\n\n\t<div id=\"col-501798794\" class=\"col medium-4 small-12 large-4\"  >\n\t\t\t\t<div class=\"col-inner\"  >\n\t\t\t\n\t\t\t\n\t<div class=\"img has-hover x md-x lg-x y md-y lg-y\" id=\"image_104970186\">\n\t\t<a class=\"\" href=\"https:\/\/qcte88.pro\/hwcf\" >\t\t\t\t\t\t<div class=\"img-inner dark\" >\n\t\t\t<img loading=\"lazy\" decoding=\"async\" width=\"400\" height=\"188\" src=\"https:\/\/6t6t2t3.org\/wp-content\/uploads\/2025\/03\/dang-nhap.webp\" class=\"attachment-original size-original\" alt=\"\u0110\u0103ng nh\u1eadp t\u1ea3i app\" srcset=\"https:\/\/6t6t2t3.org\/wp-content\/uploads\/2025\/03\/dang-nhap.webp 400w, https:\/\/6t6t2t3.org\/wp-content\/uploads\/2025\/03\/dang-nhap-300x141.webp 300w\" sizes=\"auto, (max-width: 400px) 100vw, 400px\" \/>\t\t\t\t\t\t\n\t\t\t\t\t<\/div>\n\t\t\t\t\t\t<\/a>\t\t\n<style>\n#image_104970186 {\n  width: 100%;\n}\n<\/style>\n\t<\/div>\n\t\n\t\t<\/div>\n\t\t\t\t\t<\/div>\n\n\t\n\n\t<div id=\"col-1333667732\" class=\"col medium-4 small-12 large-4\"  >\n\t\t\t\t<div class=\"col-inner\"  >\n\t\t\t\n\t\t\t\n\t<div class=\"img has-hover x md-x lg-x y md-y lg-y\" id=\"image_1174693818\">\n\t\t<a class=\"\" href=\"https:\/\/qcte88.pro\/hwcf\" >\t\t\t\t\t\t<div class=\"img-inner dark\" >\n\t\t\t<img loading=\"lazy\" decoding=\"async\" width=\"400\" height=\"188\" src=\"https:\/\/6t6t2t3.org\/wp-content\/uploads\/2025\/03\/khuyen-mai.webp\" class=\"attachment-original size-original\" alt=\"Khuy\u1ebfn m\u00e3i th\u00e0nh vi\u00ean\" srcset=\"https:\/\/6t6t2t3.org\/wp-content\/uploads\/2025\/03\/khuyen-mai.webp 400w, https:\/\/6t6t2t3.org\/wp-content\/uploads\/2025\/03\/khuyen-mai-300x141.webp 300w\" sizes=\"auto, (max-width: 400px) 100vw, 400px\" \/>\t\t\t\t\t\t\n\t\t\t\t\t<\/div>\n\t\t\t\t\t\t<\/a>\t\t\n<style>\n#image_1174693818 {\n  width: 100%;\n}\n<\/style>\n\t<\/div>\n\t\n\t\t<\/div>\n\t\t\t\t\t<\/div>\n\n\t\n<\/div>\n\t<div id=\"gap-784372812\" class=\"gap-element clearfix\" style=\"display:block; height:auto;\">\n\t\t\n<style>\n#gap-784372812 {\n  padding-top: 16px;\n}\n<\/style>\n\t<\/div>\n\t\n\t<div id=\"gap-2037162444\" class=\"gap-element clearfix\" style=\"display:block; height:auto;\">\n\t\t\n<style>\n#gap-2037162444 {\n  padding-top: 15px;\n}\n<\/style>\n\t<\/div>\n\t\n<p><em><strong>Disclaimer (Tuy\u00ean b\u1ed1 mi\u1ec5n tr\u1eeb):<\/strong><\/em> 6t6t2t3.org \u0111\u01b0\u1ee3c x\u00e2y d\u1ef1ng v\u1edbi m\u1ee5c \u0111\u00edch cung c\u1ea5p v\u00e0 t\u1ed5ng h\u1ee3p th\u00f4ng tin mang t\u00ednh tham kh\u1ea3o, h\u01b0\u1edbng \u0111\u1ebfn \u0111\u1ed1i t\u01b0\u1ee3ng ng\u01b0\u1eddi \u0111\u1ecdc \u0111\u1ee7 18 tu\u1ed5i v\u00e0 kh\u00f4ng c\u01b0 tr\u00fa t\u1ea1i Vi\u1ec7t Nam. 6t6t2t3 net kh\u00f4ng v\u1eadn h\u00e0nh, kh\u00f4ng \u0111\u1ea1i di\u1ec7n v\u00e0 kh\u00f4ng ch\u1ecbu tr\u00e1ch nhi\u1ec7m cho b\u1ea5t k\u1ef3 h\u00ecnh th\u1ee9c c\u00e1 c\u01b0\u1ee3c hay giao d\u1ecbch n\u00e0o ph\u00e1t sinh t\u1eeb c\u00e1c n\u1ec1n t\u1ea3ng c\u1ee7a b\u00ean th\u1ee9 ba m\u00e0 ng\u01b0\u1eddi d\u00f9ng t\u1ef1 nguy\u1ec7n truy c\u1eadp.<\/p>\n<h2 class=\"tieu-de uppercase\"><span style=\"color: #3366ff;\"><strong>FAQ &#8211; th\u1eafc m\u1eafc ph\u1ed5 bi\u1ebfn khi ch\u01a1i tr\u00ean trang 6623<\/strong><\/span><\/h2>\n<div class=\"accordion\"><\/div>\n\t<div id=\"accordion-3801993774\" class=\"accordion-item\">\n\t\t<a id=\"accordion-3801993774-label\" class=\"accordion-title plain\" href=\"#accordion-item-trang-ch\u1ee7-truy-c\u1eadp-6t6t2t3.com?\" aria-expanded=\"false\" aria-controls=\"accordion-3801993774-content\" >\n\t\t\t<button class=\"toggle\" aria-label=\"Chuy\u1ec3n \u0111\u1ed5i\"><i class=\"icon-angle-down\"><\/i><\/button>\n\t\t\t<span>Trang ch\u1ee7 truy c\u1eadp 6t6t2t3.com?<\/span>\n\t\t<\/a>\n\t\t<div id=\"accordion-3801993774-content\" class=\"accordion-inner\" aria-labelledby=\"accordion-3801993774-label\" >\n\t\t\t\n<p><span style=\"color: #3366ff;\">C\u00e1c trang truy c\u1eadp 6623 com:<\/span><\/p>\n<ul>\n<li><span style=\"color: #3366ff;\">6t6t2t 3.com<\/span><\/li>\n<li><span style=\"color: #3366ff;\">6t 6t2t3.casino<\/span><\/li>\n<li><span style=\"color: #3366ff;\">6t6t2t3 . game<\/span><\/li>\n<li><span style=\"color: #3366ff;\">6t6t 2t3.app<\/span><\/li>\n<li><span style=\"color: #3366ff;\">6t6t2t3 .bet<\/span><\/li>\n<\/ul>\n<p>#trangchu6623 #dangnhap6623 #dangky6623 #taiapp6623 #app6623 #6623bet #6623casino<\/p>\n<p>#trangchu6t6t2t3 #dangnhap6t6t2t3 #dangky6t6t2t3 #taiapp6t6t2t3 #app6t6t2t3 #6t6t2t3app #6t6t2t3casino<\/p>\n\t\t<\/div>\n\t<\/div>\n\t\n\t<div id=\"accordion-4073302964\" class=\"accordion-item\">\n\t\t<a id=\"accordion-4073302964-label\" class=\"accordion-title plain\" href=\"#accordion-item-trang-6t6t-2t3.casino-c\u00f3-nh\u1eefng-th\u1ec3-lo\u1ea1i-game-n\u00e0o?\" aria-expanded=\"false\" aria-controls=\"accordion-4073302964-content\" >\n\t\t\t<button class=\"toggle\" aria-label=\"Chuy\u1ec3n \u0111\u1ed5i\"><i class=\"icon-angle-down\"><\/i><\/button>\n\t\t\t<span>Trang 6t6t 2t3.casino c\u00f3 nh\u1eefng th\u1ec3 lo\u1ea1i game n\u00e0o?<\/span>\n\t\t<\/a>\n\t\t<div id=\"accordion-4073302964-content\" class=\"accordion-inner\" aria-labelledby=\"accordion-4073302964-label\" >\n\t\t\t\n<p><span style=\"color: #3366ff;\">Trang6623 game t\u1ed5ng h\u1ee3p \u0111a d\u1ea1ng th\u1ec3 lo\u1ea1i casino, b\u1eafn c\u1ea3, n\u1ed5 h\u0169, x\u00f3c \u0111\u0129a, c\u00e1 c\u01b0\u1ee3c th\u1ec3 thao&#8230; v\u1edbi l\u1ed1i ch\u01a1i \u0111\u01a1n gi\u1ea3n, giao di\u1ec7n hi\u1ec7n \u0111\u1ea1i gi\u00fap ng\u01b0\u1eddi ch\u01a1i d\u1ec5 d\u00e0ng tham gia. H\u01b0\u1edbng d\u1eabn c\u01b0\u1ee3c r\u00f5 r\u00e0ng chi ti\u1ebft tr\u00e1nh nh\u1ea7m l\u1eabn cho ng\u01b0\u1eddi ch\u01a1i.<\/span><\/p>\n\t\t<\/div>\n\t<\/div>\n\t\n\t<div id=\"accordion-2223626987\" class=\"accordion-item\">\n\t\t<a id=\"accordion-2223626987-label\" class=\"accordion-title plain\" href=\"#accordion-item-mu\u1ed1n-r\u00fat-ti\u1ec1n-6t6t2t3-com-th\u1ef1c-hi\u1ec7n-nh\u01b0-th\u1ebf-n\u00e0o?\" aria-expanded=\"false\" aria-controls=\"accordion-2223626987-content\" >\n\t\t\t<button class=\"toggle\" aria-label=\"Chuy\u1ec3n \u0111\u1ed5i\"><i class=\"icon-angle-down\"><\/i><\/button>\n\t\t\t<span>Mu\u1ed1n r\u00fat ti\u1ec1n 6t6t2t3 com th\u1ef1c hi\u1ec7n nh\u01b0 th\u1ebf n\u00e0o?<\/span>\n\t\t<\/a>\n\t\t<div id=\"accordion-2223626987-content\" class=\"accordion-inner\" aria-labelledby=\"accordion-2223626987-label\" >\n\t\t\t\n<p><span style=\"color: #3366ff;\">R\u00fat ti\u1ec1n tr\u00ean 6t6t 2t3 com c\u1ef1c k\u1ef3 \u0111\u01a1n gi\u1ea3n, c\u00f3 th\u1ec3 th\u1ef1c hi\u1ec7n \u0111\u01b0\u1ee3c ngay sau khi b\u1ea1n \u0111\u00e3 ho\u00e0n th\u00e0nh \u0111\u1ee7 v\u00f2ng c\u01b0\u1ee3c ( th\u01b0\u1eddng ch\u1ec9 1 v\u00f2ng l\u00e0 \u0111\u1ee7) l\u00ean l\u1ec7nh. Ch\u1ecdn h\u00ecnh th\u1ee9c r\u00fat ti\u1ec1n, nh\u1eadp s\u1ed1 ti\u1ec1n, nh\u1eadp m\u00e3 b\u1ea3o m\u1eadt giao d\u1ecbch l\u00e0 ho\u00e0n th\u00e0nh. H\u1ec7 th\u1ed1ng ch\u1ec9 r\u00fat ti\u1ec1n v\u1ec1 t\u00e0i kho\u1ea3n ch\u00ednh ch\u1ee7 duy nh\u1ea5t c\u1ee7a ng\u01b0\u1eddi ch\u01a1i \u0111\u1ea3m b\u1ea3o an to\u00e0n tuy\u1ec7t \u0111\u1ed1i.<\/span><\/p>\n\t\t<\/div>\n\t<\/div>\n\t\n\t<div id=\"accordion-3866448374\" class=\"accordion-item\">\n\t\t<a id=\"accordion-3866448374-label\" class=\"accordion-title plain\" href=\"#accordion-item-cskh-tr\u00ean-6t6t2t3.bet-c\u00f3-chuy\u00ean-nghi\u1ec7p-kh\u00f4ng?\" aria-expanded=\"false\" aria-controls=\"accordion-3866448374-content\" >\n\t\t\t<button class=\"toggle\" aria-label=\"Chuy\u1ec3n \u0111\u1ed5i\"><i class=\"icon-angle-down\"><\/i><\/button>\n\t\t\t<span>CSKH tr\u00ean 6t6t2t3.bet c\u00f3 chuy\u00ean nghi\u1ec7p kh\u00f4ng?<\/span>\n\t\t<\/a>\n\t\t<div id=\"accordion-3866448374-content\" class=\"accordion-inner\" aria-labelledby=\"accordion-3866448374-label\" >\n\t\t\t\n<p><span style=\"color: #3366ff;\">Nh\u00e2n vi\u00ean CSKH c\u1ee7a nh\u00e0 c\u00e1i 6623.bet \u0111\u01b0\u1ee3c \u0111\u00e0o t\u1ea1o b\u00e0i b\u1ea3n theo c\u00e1c ti\u00eau chu\u1ea9n qu\u1ed1c t\u1ebf v\u00e0 h\u00ecnh th\u1ee9c ch\u01a1i ch\u00ednh c\u1ee7a trang. Ph\u1ee5c v\u1ee5 nhi\u1ec7t t\u00ecnh chu \u0111\u00e1o 24\/7 cho t\u1ea5t c\u1ea3 c\u00e1c v\u1ea5n \u0111\u1ec1 ng\u01b0\u1eddi ch\u01a1i g\u1eb7p ph\u1ea3i. Nh\u1eb1m m\u1ee5c \u0111\u00edch mang \u0111\u1ebfn cho ng\u01b0\u1eddi ch\u01a1i tr\u1ea3i nghi\u1ec7m an to\u00e0n ti\u1ec7n l\u1ee3i nh\u1ea5t.<\/span><\/p>\n\t\t<\/div>\n\t<\/div>\n\t\n<p>&nbsp;<\/p>\n","protected":false},"excerpt":{"rendered":"<p>TRANG CH\u1ee6 \u0110\u0102NG NH\u1eacP NH\u00c0 C\u00c1I 6623 Link trang t\u1ed5ng v\u00e0o 6t6t2t3 com ch\u00ednh th\u1ee9c c\u1eadp nh\u1eadt ng\u00e0y h\u00f4m nay m\u1edbi nh\u1ea5t: Disclaimer (Tuy\u00ean b\u1ed1 mi\u1ec5n tr\u1eeb): 6t6t2t3.org \u0111\u01b0\u1ee3c x\u00e2y d\u1ef1ng v\u1edbi m\u1ee5c \u0111\u00edch cung c\u1ea5p v\u00e0 t\u1ed5ng h\u1ee3p th\u00f4ng tin mang t\u00ednh tham kh\u1ea3o, h\u01b0\u1edbng \u0111\u1ebfn \u0111\u1ed1i t\u01b0\u1ee3ng ng\u01b0\u1eddi \u0111\u1ecdc \u0111\u1ee7 18 tu\u1ed5i v\u00e0&#8230;<\/p>\n","protected":false},"author":1,"featured_media":0,"parent":0,"menu_order":0,"comment_status":"closed","ping_status":"open","template":"page-right-sidebar.php","meta":{"footnotes":""},"class_list":["post-2","page","type-page","status-publish","hentry"],"_links":{"self":[{"href":"https:\/\/6t6t2t3.org\/index.php?rest_route=\/wp\/v2\/pages\/2","targetHints":{"allow":["GET"]}}],"collection":[{"href":"https:\/\/6t6t2t3.org\/index.php?rest_route=\/wp\/v2\/pages"}],"about":[{"href":"https:\/\/6t6t2t3.org\/index.php?rest_route=\/wp\/v2\/types\/page"}],"author":[{"embeddable":true,"href":"https:\/\/6t6t2t3.org\/index.php?rest_route=\/wp\/v2\/users\/1"}],"replies":[{"embeddable":true,"href":"https:\/\/6t6t2t3.org\/index.php?rest_route=%2Fwp%2Fv2%2Fcomments&post=2"}],"version-history":[{"count":54,"href":"https:\/\/6t6t2t3.org\/index.php?rest_route=\/wp\/v2\/pages\/2\/revisions"}],"predecessor-version":[{"id":633,"href":"https:\/\/6t6t2t3.org\/index.php?rest_route=\/wp\/v2\/pages\/2\/revisions\/633"}],"wp:attachment":[{"href":"https:\/\/6t6t2t3.org\/index.php?rest_route=%2Fwp%2Fv2%2Fmedia&parent=2"}],"curies":[{"name":"wp","href":"https:\/\/api.w.org\/{rel}","templated":true}]}}